{"id":17,"date":"2014-09-29T20:43:24","date_gmt":"2014-09-29T20:43:24","guid":{"rendered":"http:\/\/www.geonuts.cl\/?page_id=17"},"modified":"2020-10-28T03:33:49","modified_gmt":"2020-10-28T03:33:49","slug":"huertos","status":"publish","type":"page","link":"http:\/\/www.geonuts.cl?page_id=17","title":{"rendered":"Huertos"},"content":{"rendered":"<p>Los huertos pertenecientes a Inmobiliaria San Bernardo son manejados con altos est\u00e1ndares tecnol\u00f3gicos, sin uso de pesticidas y fertilizantes de s\u00edntesis qu\u00edmica, asegurando la calidad e inocuidad del producto final. Contamos con 120 hect\u00e1reas de producci\u00f3n exclusiva de nueces de nogal de las variedades Serr y Chandler.<\/p>\n","protected":false},"excerpt":{"rendered":"<p>Los huertos pertenecientes a Inmobiliaria San Bernardo son manejados con altos est\u00e1ndares tecnol\u00f3gicos, sin uso de pesticidas y fertilizantes de s\u00edntesis qu\u00edmica, asegurando la calidad e inocuidad del producto final. Contamos con 120 hect\u00e1reas de producci\u00f3n exclusiva de nueces de nogal de las variedades Serr y Chandler.<\/p>\n","protected":false},"author":1,"featured_media":0,"parent":0,"menu_order":2,"comment_status":"open","ping_status":"closed","template":"","meta":[],"_links":{"self":[{"href":"http:\/\/www.geonuts.cl\/index.php?rest_route=\/wp\/v2\/pages\/17"}],"collection":[{"href":"http:\/\/www.geonuts.cl\/index.php?rest_route=\/wp\/v2\/pages"}],"about":[{"href":"http:\/\/www.geonuts.cl\/index.php?rest_route=\/wp\/v2\/types\/page"}],"author":[{"embeddable":true,"href":"http:\/\/www.geonuts.cl\/index.php?rest_route=\/wp\/v2\/users\/1"}],"replies":[{"embeddable":true,"href":"http:\/\/www.geonuts.cl\/index.php?rest_route=%2Fwp%2Fv2%2Fcomments&post=17"}],"version-history":[{"count":21,"href":"http:\/\/www.geonuts.cl\/index.php?rest_route=\/wp\/v2\/pages\/17\/revisions"}],"predecessor-version":[{"id":1640,"href":"http:\/\/www.geonuts.cl\/index.php?rest_route=\/wp\/v2\/pages\/17\/revisions\/1640"}],"wp:attachment":[{"href":"http:\/\/www.geonuts.cl\/index.php?rest_route=%2Fwp%2Fv2%2Fmedia&parent=17"}],"curies":[{"name":"wp","href":"https:\/\/api.w.org\/{rel}","templated":true}]}}