{"id":19,"date":"2014-09-29T20:43:43","date_gmt":"2014-09-29T20:43:43","guid":{"rendered":"http:\/\/www.geonuts.cl\/?page_id=19"},"modified":"2020-10-28T03:42:37","modified_gmt":"2020-10-28T03:42:37","slug":"produccion-ecologica","status":"publish","type":"page","link":"http:\/\/www.geonuts.cl?page_id=19","title":{"rendered":"Producci\u00f3n Ecol\u00f3gica"},"content":{"rendered":"<p style=\"text-align: justify;\">Proteger el medio ambiente realizando una agricultura de \u201ccero impacto\u201d y producir alimentos seguros, confiables y saludables, son principios que rigen nuestra actividad productiva. Esto ha llevado a Geonuts a realizar un proceso de conversi\u00f3n de sus huertos, permitiendo a nuestra empresa, poner a disposici\u00f3n de nuestros clientes, nueces con certificaci\u00f3n org\u00e1nica.<\/p>\n","protected":false},"excerpt":{"rendered":"<p>Proteger el medio ambiente realizando una agricultura de \u201ccero impacto\u201d y producir alimentos seguros, confiables y saludables, son principios que rigen nuestra actividad productiva. Esto ha llevado a Geonuts a realizar un proceso de conversi\u00f3n de sus huertos, permitiendo a nuestra empresa, poner a disposici\u00f3n de nuestros clientes, nueces con certificaci\u00f3n org\u00e1nica.<\/p>\n","protected":false},"author":1,"featured_media":0,"parent":0,"menu_order":3,"comment_status":"open","ping_status":"closed","template":"","meta":[],"_links":{"self":[{"href":"http:\/\/www.geonuts.cl\/index.php?rest_route=\/wp\/v2\/pages\/19"}],"collection":[{"href":"http:\/\/www.geonuts.cl\/index.php?rest_route=\/wp\/v2\/pages"}],"about":[{"href":"http:\/\/www.geonuts.cl\/index.php?rest_route=\/wp\/v2\/types\/page"}],"author":[{"embeddable":true,"href":"http:\/\/www.geonuts.cl\/index.php?rest_route=\/wp\/v2\/users\/1"}],"replies":[{"embeddable":true,"href":"http:\/\/www.geonuts.cl\/index.php?rest_route=%2Fwp%2Fv2%2Fcomments&post=19"}],"version-history":[{"count":44,"href":"http:\/\/www.geonuts.cl\/index.php?rest_route=\/wp\/v2\/pages\/19\/revisions"}],"predecessor-version":[{"id":1633,"href":"http:\/\/www.geonuts.cl\/index.php?rest_route=\/wp\/v2\/pages\/19\/revisions\/1633"}],"wp:attachment":[{"href":"http:\/\/www.geonuts.cl\/index.php?rest_route=%2Fwp%2Fv2%2Fmedia&parent=19"}],"curies":[{"name":"wp","href":"https:\/\/api.w.org\/{rel}","templated":true}]}}