{"id":25,"date":"2014-09-29T20:44:15","date_gmt":"2014-09-29T20:44:15","guid":{"rendered":"http:\/\/www.geonuts.cl\/?page_id=25"},"modified":"2016-12-19T14:22:32","modified_gmt":"2016-12-19T14:22:32","slug":"mercados","status":"publish","type":"page","link":"http:\/\/www.geonuts.cl?page_id=25","title":{"rendered":"Mercados"},"content":{"rendered":"<p>Las Nueces Geonuts son exportadas a diferentes mercados de todo el mundo, destac\u00e1ndose pa\u00edses de la Uni\u00f3n Europea, Medio oriente, Am\u00e9rica Latina y Asia.<\/p>\n","protected":false},"excerpt":{"rendered":"<p>Las Nueces Geonuts son exportadas a diferentes mercados de todo el mundo, destac\u00e1ndose pa\u00edses de la Uni\u00f3n Europea, Medio oriente, Am\u00e9rica Latina y Asia.<\/p>\n","protected":false},"author":1,"featured_media":0,"parent":0,"menu_order":6,"comment_status":"open","ping_status":"closed","template":"","meta":[],"_links":{"self":[{"href":"http:\/\/www.geonuts.cl\/index.php?rest_route=\/wp\/v2\/pages\/25"}],"collection":[{"href":"http:\/\/www.geonuts.cl\/index.php?rest_route=\/wp\/v2\/pages"}],"about":[{"href":"http:\/\/www.geonuts.cl\/index.php?rest_route=\/wp\/v2\/types\/page"}],"author":[{"embeddable":true,"href":"http:\/\/www.geonuts.cl\/index.php?rest_route=\/wp\/v2\/users\/1"}],"replies":[{"embeddable":true,"href":"http:\/\/www.geonuts.cl\/index.php?rest_route=%2Fwp%2Fv2%2Fcomments&post=25"}],"version-history":[{"count":14,"href":"http:\/\/www.geonuts.cl\/index.php?rest_route=\/wp\/v2\/pages\/25\/revisions"}],"predecessor-version":[{"id":1355,"href":"http:\/\/www.geonuts.cl\/index.php?rest_route=\/wp\/v2\/pages\/25\/revisions\/1355"}],"wp:attachment":[{"href":"http:\/\/www.geonuts.cl\/index.php?rest_route=%2Fwp%2Fv2%2Fmedia&parent=25"}],"curies":[{"name":"wp","href":"https:\/\/api.w.org\/{rel}","templated":true}]}}